{"id":57,"date":"2020-12-01T11:22:52","date_gmt":"2020-12-01T11:22:52","guid":{"rendered":"https:\/\/metzgerei-bichlmeier.de\/?page_id=57"},"modified":"2022-10-24T13:02:25","modified_gmt":"2022-10-24T13:02:25","slug":"fleisch","status":"publish","type":"page","link":"https:\/\/metzgerei-bichlmeier.de\/?page_id=57","title":{"rendered":"Fleisch mit Qualit\u00e4t"},"content":{"rendered":"<div class=\"ttr_fleisch_html_row0 row\" >\n<div class=\"post_column col-xl-6 col-lg-6 col-md-6 col-sm-12 col-xs-12 col-12\">\n<div class=\"ttr_fleisch_html_column00\">\n<div class=\"margin_collapsetop\"><\/div>\n<div class=\"html_content\"><\/p>\n<p style=\"margin:10px 0px 10px 0px;line-height:3.11em;color:rgba(50,51,52,1);\"><span>Fleisch mit Qualit\u00e4t<\/span><\/p>\n<p><br style=\"margin:5px 0px 5px 0px;line-height:1.49em;color:rgba(51,51,51,1);\" \/><\/p>\n<p style=\"margin:5px 0px 5px 0px;line-height:1.49em;color:rgba(51,51,51,1);\">Unser Schlachtvieh stammt von Landwirten aus der allern\u00e4chsten Umgebung, welche den Tiere nur bestes und nat\u00fcrliches Tierfutter geben.<\/p>\n<p style=\"margin:5px 0px 5px 0px;line-height:1.49em;color:rgba(51,51,51,1);\"> Der kurze Transportweg der Tiere ist nicht nur ein Beitrag zum Schutz der Tiere vor unn\u00f6tiger Qu\u00e4lerei, sondern auch Garantie f\u00fcr die hervorragende Qualit\u00e4t des Schlachtfleisches.<\/p>\n<p style=\"margin:5px 0px 5px 0px;line-height:1.49em;color:rgba(51,51,51,1);\">Wir suchen unsere Tier noch selber im Stall aus und \u00fcberzeugen uns so von der Qualit\u00e4t des Tieres.<\/p>\n<p><br style=\"margin:5px 0px 5px 0px;line-height:1.49em;color:rgba(51,51,51,1);\" \/><\/p>\n<p style=\"margin:5px 0px 5px 0px;line-height:1.49em;color:rgba(51,51,51,1);\">Bei uns z\u00e4hlt auch noch das Motto:<\/p>\n<p style=\"margin:5px 0px 5px 0px;line-height:1.49em;color:rgba(51,51,51,1);\"><span style=\"font-weight:700;\">&#8222;Unsere Ware l\u00e4uft nicht vom Band &#8211;<\/span><span style=\"font-weight:700;\"> <\/span><span style=\"font-weight:700;\">wir schaffen noch mit Herz und Hand!&#8220;<\/span><\/p>\n<p><\/div>\n<div class=\"margin_collapsetop\"><\/div>\n<div style=\"clear:both;width:0px;\"><\/div>\n<\/div>\n<\/div>\n<div class=\" visible-sm-block d-sm-block visible-xs-block d-block\" style=\"clear: both;width:0px;\"><\/div>\n<div class=\"post_column col-xl-6 col-lg-6 col-md-6 col-sm-12 col-xs-12 col-12\">\n<div class=\"ttr_fleisch_html_column01\">\n<div class=\"margin_collapsetop\"><\/div>\n<div class=\"html_content\"><\/p>\n<h2><span class=\"ttr_image\" style=\"float:none;display:block;overflow:hidden;text-align:center;margin:0px 0px 0px 0px;\"><span><img decoding=\"async\" class=\"ttr_uniform\" style=\"max-height:311px;max-width:415px;margin:0px 0px 0px 0px;\" src=\"https:\/\/metzgerei-bichlmeier.de\/wp-content\/uploads\/2022\/10\/fleisch01.png\" alt=\"Metzgerei Bichlmeier\" \/><\/span><\/span><br \/><\/h2>\n<\/div>\n<div class=\"margin_collapsetop\"><\/div>\n<div style=\"clear:both;width:0px;\"><\/div>\n<\/div>\n<\/div>\n<div class=\" visible-lg-block d-xl-block d-lg-block visible-md-block d-md-block visible-sm-block d-sm-block visible-xs-block d-block\" style=\"clear: both;width:0px;\"><\/div>\n<\/div>\n<div class=\"ttr_fleisch_html_row1 row\" >\n<div class=\"post_column col-xl-6 col-lg-6 col-md-6 col-sm-12 col-xs-12 col-12\">\n<div class=\"ttr_fleisch_html_column10\">\n<div class=\"margin_collapsetop\"><\/div>\n<div class=\"html_content\">\n<p><span class=\"ttr_image\" style=\"float:none;display:block;overflow:hidden;text-align:center;margin:0px 0px 0px 0px;\"><span><img decoding=\"async\" class=\"ttr_uniform\" style=\"max-height:311px;max-width:415px;margin:0px 0px 0px 0px;\" src=\"https:\/\/metzgerei-bichlmeier.de\/wp-content\/uploads\/2022\/10\/fleisch02.png\" alt=\"Metzgerei Bichlmeier\" \/><\/span><\/span><\/p>\n<\/div>\n<div class=\"margin_collapsetop\"><\/div>\n<div style=\"clear:both;width:0px;\"><\/div>\n<\/div>\n<\/div>\n<div class=\" visible-sm-block d-sm-block visible-xs-block d-block\" style=\"clear: both;width:0px;\"><\/div>\n<div class=\"post_column col-xl-6 col-lg-6 col-md-6 col-sm-12 col-xs-12 col-12\">\n<div class=\"ttr_fleisch_html_column11\">\n<div class=\"margin_collapsetop\"><\/div>\n<div class=\"html_content\">\n<p><span class=\"ttr_image\" style=\"float:none;display:block;overflow:hidden;text-align:center;margin:0px 0px 0px 0px;\"><span><img decoding=\"async\" class=\"ttr_uniform\" style=\"max-height:415px;max-width:311px;margin:0px 0px 0px 0px;\" src=\"https:\/\/metzgerei-bichlmeier.de\/wp-content\/uploads\/2022\/10\/fleisch03.png\" alt=\"Metzgerei Bichlmeier\" \/><\/span><\/span><\/p>\n<\/div>\n<div class=\"margin_collapsetop\"><\/div>\n<div style=\"clear:both;width:0px;\"><\/div>\n<\/div>\n<\/div>\n<div class=\" visible-lg-block d-xl-block d-lg-block visible-md-block d-md-block visible-sm-block d-sm-block visible-xs-block d-block\" style=\"clear: both;width:0px;\"><\/div>\n<\/div>\n","protected":false},"excerpt":{"rendered":"<p>Fleisch mit Qualit\u00e4t Unser Schlachtvieh stammt von Landwirten aus der allern\u00e4chsten Umgebung, welche den Tiere nur bestes und nat\u00fcrliches Tierfutter geben. Der kurze Transportweg der Tiere ist nicht nur ein Beitrag zum Schutz der Tiere vor unn\u00f6tiger Qu\u00e4lerei, sondern auch &hellip;<\/p>\n<p><a href=\"https:\/\/metzgerei-bichlmeier.de\/?page_id=57\">Continue Reading<span class=\"meta-nav\">&rarr;<\/span><\/a><\/p>\n","protected":false},"author":1,"featured_media":0,"parent":0,"menu_order":4,"comment_status":"closed","ping_status":"closed","template":"page-templates\/fleisch_page.php","meta":[],"_links":{"self":[{"href":"https:\/\/metzgerei-bichlmeier.de\/index.php?rest_route=\/wp\/v2\/pages\/57"}],"collection":[{"href":"https:\/\/metzgerei-bichlmeier.de\/index.php?rest_route=\/wp\/v2\/pages"}],"about":[{"href":"https:\/\/metzgerei-bichlmeier.de\/index.php?rest_route=\/wp\/v2\/types\/page"}],"author":[{"embeddable":true,"href":"https:\/\/metzgerei-bichlmeier.de\/index.php?rest_route=\/wp\/v2\/users\/1"}],"replies":[{"embeddable":true,"href":"https:\/\/metzgerei-bichlmeier.de\/index.php?rest_route=%2Fwp%2Fv2%2Fcomments&post=57"}],"version-history":[{"count":1,"href":"https:\/\/metzgerei-bichlmeier.de\/index.php?rest_route=\/wp\/v2\/pages\/57\/revisions"}],"predecessor-version":[{"id":110,"href":"https:\/\/metzgerei-bichlmeier.de\/index.php?rest_route=\/wp\/v2\/pages\/57\/revisions\/110"}],"wp:attachment":[{"href":"https:\/\/metzgerei-bichlmeier.de\/index.php?rest_route=%2Fwp%2Fv2%2Fmedia&parent=57"}],"curies":[{"name":"wp","href":"https:\/\/api.w.org\/{rel}","templated":true}]}}