{"id":54,"date":"2020-12-01T11:22:52","date_gmt":"2020-12-01T11:22:52","guid":{"rendered":"https:\/\/metzgerei-bichlmeier.de\/?page_id=54"},"modified":"2022-10-24T13:02:25","modified_gmt":"2022-10-24T13:02:25","slug":"startseite","status":"publish","type":"page","link":"https:\/\/metzgerei-bichlmeier.de\/","title":{"rendered":"Startseite"},"content":{"rendered":"<div class=\"ttr_startseite_html_row0 row\" >\n<div class=\"post_column col-xl-6 col-lg-6 col-md-6 col-sm-12 col-xs-12 col-12\">\n<div class=\"ttr_startseite_html_column00\">\n<div class=\"margin_collapsetop\"><\/div>\n<div class=\"html_content\"><\/p>\n<p style=\"margin:10px 0px 10px 0px;line-height:3.11em;color:rgba(50,51,52,1);\"><span>Herzlich Willkommen<\/span><\/p>\n<p><br style=\"margin:5px 0px 5px 0px;line-height:1.49em;color:rgba(51,51,51,1);\" \/><\/p>\n<p style=\"margin:5px 0px 5px 0px;line-height:1.49em;color:rgba(51,51,51,1);\">Auf unsere Internetseite m\u00f6chten wir Ihnen uns und unseren Betrieb vorstellen. Sie bekommen Einblicke in unsere Geschichte, unseren Partyservice und unser Angebot.<\/p>\n<p><br style=\"margin:5px 0px 5px 0px;line-height:1.49em;color:rgba(51,51,51,1);\" \/><\/p>\n<p style=\"margin:5px 0px 5px 0px;line-height:1.49em;color:rgba(51,51,51,1);\"><span style=\"font-weight:700;\">Angebot:<\/span><\/p>\n<p style=\"margin:5px 0px 5px 0px;line-height:1.49em;color:rgba(51,51,51,1);\"><span style=\"font-weight:700;\">Jeden Dienstag in den Wintermonaten hausgemachtes L\u00fcngerl, Blut- und Leberw\u00fcrste und Bauernger\u00e4uchertes.<\/span><\/p>\n<p><\/div>\n<div class=\"margin_collapsetop\"><\/div>\n<div style=\"clear:both;width:0px;\"><\/div>\n<\/div>\n<\/div>\n<div class=\" visible-sm-block d-sm-block visible-xs-block d-block\" style=\"clear: both;width:0px;\"><\/div>\n<div class=\"post_column col-xl-6 col-lg-6 col-md-6 col-sm-12 col-xs-12 col-12\">\n<div class=\"ttr_startseite_html_column01\">\n<div class=\"margin_collapsetop\"><\/div>\n<div class=\"html_content\"><\/p>\n<h2><span class=\"ttr_image\" style=\"float:none;display:block;overflow:hidden;text-align:center;margin:0px 0px 0px 0px;\"><span><img decoding=\"async\" class=\"ttr_uniform\" style=\"max-height:250px;max-width:219px;margin:0px 0px 0px 0px;\" src=\"https:\/\/metzgerei-bichlmeier.de\/wp-content\/uploads\/2022\/10\/startseite_01.png\" alt=\"Metzgerei Bichlmeier\" \/><\/span><\/span><br \/><\/h2>\n<\/div>\n<div class=\"margin_collapsetop\"><\/div>\n<div style=\"clear:both;width:0px;\"><\/div>\n<\/div>\n<\/div>\n<div class=\" visible-lg-block d-xl-block d-lg-block visible-md-block d-md-block visible-sm-block d-sm-block visible-xs-block d-block\" style=\"clear: both;width:0px;\"><\/div>\n<\/div>\n","protected":false},"excerpt":{"rendered":"<p>Herzlich Willkommen Auf unsere Internetseite m\u00f6chten wir Ihnen uns und unseren Betrieb vorstellen. Sie bekommen Einblicke in unsere Geschichte, unseren Partyservice und unser Angebot. Angebot: Jeden Dienstag in den Wintermonaten hausgemachtes L\u00fcngerl, Blut- und Leberw\u00fcrste und Bauernger\u00e4uchertes.<\/p>\n","protected":false},"author":1,"featured_media":0,"parent":0,"menu_order":1,"comment_status":"closed","ping_status":"closed","template":"page-templates\/startseite_page.php","meta":[],"_links":{"self":[{"href":"https:\/\/metzgerei-bichlmeier.de\/index.php?rest_route=\/wp\/v2\/pages\/54"}],"collection":[{"href":"https:\/\/metzgerei-bichlmeier.de\/index.php?rest_route=\/wp\/v2\/pages"}],"about":[{"href":"https:\/\/metzgerei-bichlmeier.de\/index.php?rest_route=\/wp\/v2\/types\/page"}],"author":[{"embeddable":true,"href":"https:\/\/metzgerei-bichlmeier.de\/index.php?rest_route=\/wp\/v2\/users\/1"}],"replies":[{"embeddable":true,"href":"https:\/\/metzgerei-bichlmeier.de\/index.php?rest_route=%2Fwp%2Fv2%2Fcomments&post=54"}],"version-history":[{"count":2,"href":"https:\/\/metzgerei-bichlmeier.de\/index.php?rest_route=\/wp\/v2\/pages\/54\/revisions"}],"predecessor-version":[{"id":107,"href":"https:\/\/metzgerei-bichlmeier.de\/index.php?rest_route=\/wp\/v2\/pages\/54\/revisions\/107"}],"wp:attachment":[{"href":"https:\/\/metzgerei-bichlmeier.de\/index.php?rest_route=%2Fwp%2Fv2%2Fmedia&parent=54"}],"curies":[{"name":"wp","href":"https:\/\/api.w.org\/{rel}","templated":true}]}}